{"id":7,"date":"2026-02-15T21:33:04","date_gmt":"2026-02-15T21:33:04","guid":{"rendered":"https:\/\/prodokument-deutschland.de\/?page_id=7"},"modified":"2026-02-17T22:49:12","modified_gmt":"2026-02-17T22:49:12","slug":"pro-document-germany","status":"publish","type":"page","link":"https:\/\/prodokument-deutschland.de\/sq\/","title":{"rendered":"ProDokument Deutschland"},"content":{"rendered":"<div class=\"wp-block-cover alignfull has-accent-1-color has-text-color has-link-color wp-elements-7b48e682e5e64755be5b4e2253eaec9e\" style=\"margin-top:0;margin-bottom:0;padding-top:200px;padding-right:var(--wp--preset--spacing--50);padding-bottom:200px;padding-left:var(--wp--preset--spacing--50);min-height:100vh;aspect-ratio:unset;\"><img decoding=\"async\" class=\"wp-block-cover__image-background\" alt=\"Foto eines Felds voller Blumen, einem blauen Himmel und einem Baum.\" src=\"https:\/\/prodokument-deutschland.de\/wp-content\/themes\/twentytwentyfive\/assets\/images\/coming-soon-bg-image.webp\" data-object-fit=\"cover\"\/><span aria-hidden=\"true\" class=\"wp-block-cover__background has-background-dim-10 has-background-dim\"><\/span><div class=\"wp-block-cover__inner-container has-global-padding is-layout-constrained wp-container-core-cover-is-layout-d47c59a2 wp-block-cover-is-layout-constrained\">\n<div class=\"wp-block-group is-vertical is-content-justification-center is-layout-flex wp-container-core-group-is-layout-ce155fab wp-block-group-is-layout-flex\">\n<h2 class=\"wp-block-heading has-text-align-center is-style-text-annotation is-style-text-annotation--1\">ProDokument Deutschland<\/h2>\n<\/div>\n\n\n\n<h3 class=\"wp-block-heading has-text-align-center has-xx-large-font-size\">Kompetente Begleitung f\u00fcr Ihre Dokumente und Beh\u00f6rdeng\u00e4nge in Deutschland<br><br><br><br><\/h3>\n\n\n\n<figure class=\"wp-block-gallery has-nested-images columns-default is-cropped wp-block-gallery-2 is-layout-flex wp-block-gallery-is-layout-flex\">\n<figure class=\"wp-block-image size-large\"><img loading=\"lazy\" decoding=\"async\" width=\"1024\" height=\"683\" data-id=\"15\" src=\"https:\/\/prodokument-deutschland.de\/wp-content\/uploads\/2026\/02\/1E969A38-16CB-4413-93E2-8207EAC0D6C0-1024x683.png\" alt=\"\" class=\"wp-image-15\" srcset=\"https:\/\/prodokument-deutschland.de\/wp-content\/uploads\/2026\/02\/1E969A38-16CB-4413-93E2-8207EAC0D6C0-1024x683.png 1024w, https:\/\/prodokument-deutschland.de\/wp-content\/uploads\/2026\/02\/1E969A38-16CB-4413-93E2-8207EAC0D6C0-300x200.png 300w, https:\/\/prodokument-deutschland.de\/wp-content\/uploads\/2026\/02\/1E969A38-16CB-4413-93E2-8207EAC0D6C0-768x512.png 768w, https:\/\/prodokument-deutschland.de\/wp-content\/uploads\/2026\/02\/1E969A38-16CB-4413-93E2-8207EAC0D6C0.png 1536w\" sizes=\"auto, (max-width: 1024px) 100vw, 1024px\" \/><\/figure>\n<\/figure>\n\n\n\n<ul class=\"wp-block-list\">\n<li>Leje q\u00ebndrimi &amp; Viza<\/li>\n\n\n\n<li>Bashkim familjar<\/li>\n\n\n\n<li>Regjistrim biznesi<\/li>\n\n\n\n<li>Jobcenter &amp; Zyra e t\u00eb Huajve<\/li>\n\n\n\n<li>P\u00ebrkthime &amp; Aplikime<\/li>\n<\/ul>\n\n\n\n<p class=\"has-text-align-center\">Shpejt \u2013 Sigurt \u2013 I besuesh\u00ebm<\/p>\n\n\n\n<div class=\"wp-block-columns is-layout-flex wp-container-core-columns-is-layout-28f84493 wp-block-columns-is-layout-flex\">\n<div class=\"wp-block-column is-layout-flow wp-block-column-is-layout-flow\" style=\"flex-basis:100%\">\n<div class=\"wp-block-buttons is-content-justification-center is-layout-flex wp-container-core-buttons-is-layout-a89b3969 wp-block-buttons-is-layout-flex\">\n<div class=\"wp-block-button is-style-fill\"><a class=\"wp-block-button__link has-contrast-color has-accent-1-background-color has-text-color has-background has-link-color has-border-color has-accent-1-border-color wp-element-button\" href=\"https:\/\/wa.me\/4915569360324\">Na kontaktoni<br><\/a><\/div>\n<\/div>\n<\/div>\n<\/div>\n\n\n\n<div class=\"wp-block-buttons is-layout-flex wp-block-buttons-is-layout-flex\">\n<div class=\"wp-block-button\"><a class=\"wp-block-button__link has-text-align-center wp-element-button\" href=\"https:\/\/prodokument-deutschland.de\/sq\/shop\/\">Pakete Ansehen<\/a><\/div>\n\n\n\n<div class=\"wp-block-button\"><a class=\"wp-block-button__link has-text-align-center wp-element-button\" href=\"https:\/\/prodokument-deutschland.de\/sq\/?page_id=61\">Arbeit finden in Deutschland<\/a><\/div>\n<\/div>\n<\/div><\/div>\n\n\n\n\n\n<div class=\"wp-block-buttons is-layout-flex wp-block-buttons-is-layout-flex\">\n\n<\/div>\n\n\n\n<div class=\"wp-block-buttons is-layout-flex wp-block-buttons-is-layout-flex\"><\/div>","protected":false},"excerpt":{"rendered":"","protected":false},"author":1,"featured_media":0,"parent":0,"menu_order":0,"comment_status":"closed","ping_status":"closed","template":"","meta":{"footnotes":"[]"},"class_list":["post-7","page","type-page","status-publish","hentry"],"_links":{"self":[{"href":"https:\/\/prodokument-deutschland.de\/sq\/wp-json\/wp\/v2\/pages\/7","targetHints":{"allow":["GET"]}}],"collection":[{"href":"https:\/\/prodokument-deutschland.de\/sq\/wp-json\/wp\/v2\/pages"}],"about":[{"href":"https:\/\/prodokument-deutschland.de\/sq\/wp-json\/wp\/v2\/types\/page"}],"author":[{"embeddable":true,"href":"https:\/\/prodokument-deutschland.de\/sq\/wp-json\/wp\/v2\/users\/1"}],"replies":[{"embeddable":true,"href":"https:\/\/prodokument-deutschland.de\/sq\/wp-json\/wp\/v2\/comments?post=7"}],"version-history":[{"count":11,"href":"https:\/\/prodokument-deutschland.de\/sq\/wp-json\/wp\/v2\/pages\/7\/revisions"}],"predecessor-version":[{"id":65,"href":"https:\/\/prodokument-deutschland.de\/sq\/wp-json\/wp\/v2\/pages\/7\/revisions\/65"}],"wp:attachment":[{"href":"https:\/\/prodokument-deutschland.de\/sq\/wp-json\/wp\/v2\/media?parent=7"}],"curies":[{"name":"wp","href":"https:\/\/api.w.org\/{rel}","templated":true}]}}