{"id":26,"date":"2026-02-15T22:11:21","date_gmt":"2026-02-15T22:11:21","guid":{"rendered":"https:\/\/prodokument-deutschland.de\/?page_id=26"},"modified":"2026-02-15T22:22:35","modified_gmt":"2026-02-15T22:22:35","slug":"impressum","status":"publish","type":"page","link":"https:\/\/prodokument-deutschland.de\/sq\/impressum\/","title":{"rendered":"Impressum"},"content":{"rendered":"<p>Impressum<\/p>\n\n\n\n<p>Angaben gem\u00e4\u00df \u00a7 5 TMG<\/p>\n\n\n\n<p>ProDokument Deutschland<br>Elize Shala<br>Beckestrasse 22<br>58239 Schwerte<br>Deutschland<\/p>\n\n\n\n<p>Telefon: +49 15569360324<br>E-Mail: prodokumentdeutschland@gmail.com<\/p>\n\n\n\n<p>Verantwortlich f\u00fcr den Inhalt nach \u00a7 55 Abs. 2 RStV:<br>Elize Shala<br>Beckestrasse 22<br>58239 Schwerte<\/p>\n\n\n\n<p>Haftungsausschluss:<br>Die Inhalte dieser Website wurden mit gr\u00f6\u00dfter Sorgfalt erstellt. F\u00fcr die Richtigkeit, Vollst\u00e4ndigkeit und Aktualit\u00e4t der Inhalte \u00fcbernehmen wir jedoch keine Gew\u00e4hr.<\/p>","protected":false},"excerpt":{"rendered":"<p>Impressum Angaben gem\u00e4\u00df \u00a7 5 TMG ProDokument DeutschlandElize ShalaBeckestrasse 2258239 SchwerteDeutschland Telefon: +49 15569360324E-Mail: prodokumentdeutschland@gmail.com Verantwortlich f\u00fcr den Inhalt nach \u00a7 55 Abs. 2 RStV:Elize ShalaBeckestrasse 2258239 Schwerte Haftungsausschluss:Die Inhalte dieser Website wurden mit gr\u00f6\u00dfter Sorgfalt erstellt. F\u00fcr die Richtigkeit, Vollst\u00e4ndigkeit und Aktualit\u00e4t der Inhalte \u00fcbernehmen wir jedoch keine Gew\u00e4hr.<\/p>","protected":false},"author":1,"featured_media":0,"parent":0,"menu_order":0,"comment_status":"closed","ping_status":"closed","template":"","meta":{"footnotes":""},"class_list":["post-26","page","type-page","status-publish","hentry"],"_links":{"self":[{"href":"https:\/\/prodokument-deutschland.de\/sq\/wp-json\/wp\/v2\/pages\/26","targetHints":{"allow":["GET"]}}],"collection":[{"href":"https:\/\/prodokument-deutschland.de\/sq\/wp-json\/wp\/v2\/pages"}],"about":[{"href":"https:\/\/prodokument-deutschland.de\/sq\/wp-json\/wp\/v2\/types\/page"}],"author":[{"embeddable":true,"href":"https:\/\/prodokument-deutschland.de\/sq\/wp-json\/wp\/v2\/users\/1"}],"replies":[{"embeddable":true,"href":"https:\/\/prodokument-deutschland.de\/sq\/wp-json\/wp\/v2\/comments?post=26"}],"version-history":[{"count":3,"href":"https:\/\/prodokument-deutschland.de\/sq\/wp-json\/wp\/v2\/pages\/26\/revisions"}],"predecessor-version":[{"id":30,"href":"https:\/\/prodokument-deutschland.de\/sq\/wp-json\/wp\/v2\/pages\/26\/revisions\/30"}],"wp:attachment":[{"href":"https:\/\/prodokument-deutschland.de\/sq\/wp-json\/wp\/v2\/media?parent=26"}],"curies":[{"name":"wp","href":"https:\/\/api.w.org\/{rel}","templated":true}]}}