{"id":23,"date":"2026-02-15T22:08:27","date_gmt":"2026-02-15T22:08:27","guid":{"rendered":"https:\/\/prodokument-deutschland.de\/?page_id=23"},"modified":"2026-02-16T15:33:30","modified_gmt":"2026-02-16T15:33:30","slug":"datebschutzerklaerung","status":"publish","type":"page","link":"https:\/\/prodokument-deutschland.de\/sq\/datebschutzerklaerung\/","title":{"rendered":"Datenschutzerkl\u00e4rung"},"content":{"rendered":"<ol class=\"wp-block-list\">\n<li>Allgemeine Hinweise<\/li>\n<\/ol>\n\n\n\n<p>Der Schutz Ihrer pers\u00f6nlichen Daten ist uns wichtig. Personenbezogene Daten werden vertraulich und entsprechend den gesetzlichen Datenschutzvorschriften (DSGVO) behandelt.<\/p>\n\n\n\n<ol start=\"2\" class=\"wp-block-list\">\n<li>Datenerfassung auf dieser Website<\/li>\n<\/ol>\n\n\n\n<p>Beim Besuch unserer Website werden automatisch Informationen durch den Hosting-Anbieter (IONOS) erfasst. Diese Daten dienen der technischen Sicherheit.<\/p>\n\n\n\n<ol start=\"3\" class=\"wp-block-list\">\n<li>Kontaktaufnahme<\/li>\n<\/ol>\n\n\n\n<p>Wenn Sie uns per WhatsApp oder E-Mail kontaktieren, werden Ihre Angaben zwecks Bearbeitung gespeichert.<\/p>\n\n\n\n<ol start=\"4\" class=\"wp-block-list\">\n<li>Ihre Rechte<\/li>\n<\/ol>\n\n\n\n<p>Sie haben das Recht auf Auskunft, Berichtigung oder L\u00f6schung Ihrer gespeicherten Daten gem\u00e4\u00df Art. 15\u201317 DSGVO.<\/p>\n\n\n\n<ol start=\"5\" class=\"wp-block-list\">\n<li>Verantwortliche Stelle<\/li>\n<\/ol>\n\n\n\n<p>ProDokument Deutschland<br>Eliz\u00eb Shala<br>Beckestrasse 22<br>58239 Schwerte<br>E-Mail: prodokumentdeutschland@gmail.com<\/p>\n\n\n\n<p>ab<\/p>\n\n\n\n<p>WhatsApp : +4915569360324<\/p>","protected":false},"excerpt":{"rendered":"<p>Der Schutz Ihrer pers\u00f6nlichen Daten ist uns wichtig. Personenbezogene Daten werden vertraulich und entsprechend den gesetzlichen Datenschutzvorschriften (DSGVO) behandelt. Beim Besuch unserer Website werden automatisch Informationen durch den Hosting-Anbieter (IONOS) erfasst. Diese Daten dienen der technischen Sicherheit. Wenn Sie uns per WhatsApp oder E-Mail kontaktieren, werden Ihre Angaben zwecks Bearbeitung gespeichert. Sie haben das Recht [&hellip;]<\/p>\n","protected":false},"author":1,"featured_media":0,"parent":0,"menu_order":0,"comment_status":"closed","ping_status":"closed","template":"","meta":{"footnotes":""},"class_list":["post-23","page","type-page","status-publish","hentry"],"_links":{"self":[{"href":"https:\/\/prodokument-deutschland.de\/sq\/wp-json\/wp\/v2\/pages\/23","targetHints":{"allow":["GET"]}}],"collection":[{"href":"https:\/\/prodokument-deutschland.de\/sq\/wp-json\/wp\/v2\/pages"}],"about":[{"href":"https:\/\/prodokument-deutschland.de\/sq\/wp-json\/wp\/v2\/types\/page"}],"author":[{"embeddable":true,"href":"https:\/\/prodokument-deutschland.de\/sq\/wp-json\/wp\/v2\/users\/1"}],"replies":[{"embeddable":true,"href":"https:\/\/prodokument-deutschland.de\/sq\/wp-json\/wp\/v2\/comments?post=23"}],"version-history":[{"count":2,"href":"https:\/\/prodokument-deutschland.de\/sq\/wp-json\/wp\/v2\/pages\/23\/revisions"}],"predecessor-version":[{"id":51,"href":"https:\/\/prodokument-deutschland.de\/sq\/wp-json\/wp\/v2\/pages\/23\/revisions\/51"}],"wp:attachment":[{"href":"https:\/\/prodokument-deutschland.de\/sq\/wp-json\/wp\/v2\/media?parent=23"}],"curies":[{"name":"wp","href":"https:\/\/api.w.org\/{rel}","templated":true}]}}